{"id":35,"date":"2019-06-29T16:04:11","date_gmt":"2019-06-29T16:04:11","guid":{"rendered":"https:\/\/medicadelsur.med.ec\/?page_id=35"},"modified":"2022-05-11T21:58:04","modified_gmt":"2022-05-11T21:58:04","slug":"quienes-somos","status":"publish","type":"page","link":"https:\/\/medicadelsur.med.ec\/?page_id=35","title":{"rendered":"Quienes Somos"},"content":{"rendered":"<p>[vc_row][vc_column][vc_column_text]<img loading=\"lazy\" decoding=\"async\" class=\"wp-image-3111 aligncenter\" src=\"https:\/\/medicadelsur.med.ec\/wp-content\/uploads\/2020\/02\/Fachada-300x195.jpg\" alt=\"\" width=\"405\" height=\"263\" srcset=\"https:\/\/medicadelsur.med.ec\/wp-content\/uploads\/2020\/02\/Fachada-300x195.jpg 300w, https:\/\/medicadelsur.med.ec\/wp-content\/uploads\/2020\/02\/Fachada-768x500.jpg 768w, https:\/\/medicadelsur.med.ec\/wp-content\/uploads\/2020\/02\/Fachada-1024x667.jpg 1024w, https:\/\/medicadelsur.med.ec\/wp-content\/uploads\/2020\/02\/Fachada-624x407.jpg 624w, https:\/\/medicadelsur.med.ec\/wp-content\/uploads\/2020\/02\/Fachada-600x391.jpg 600w, https:\/\/medicadelsur.med.ec\/wp-content\/uploads\/2020\/02\/Fachada.jpg 1280w\" sizes=\"(max-width: 405px) 100vw, 405px\" \/><\/p>\n<p style=\"text-align: center;\"><span style=\"color: #000000;\"><strong>Hospital &#8211; Cl\u00ednica de Especialidades M\u00e9dica del Sur,<\/strong> es una instituci\u00f3n de salud Nivel II que fue fundada en el a\u00f1o 2001 en la ciudad de Cuenca, como instituci\u00f3n abierta a todos los profesionales de la salud.\u00a0 Se encuentra ubicada a escasos 100 metros del Centro Hist\u00f3rico y cuenta con:<\/span><\/p>\n<p style=\"text-align: center;\"><span style=\"color: #000000;\">* <strong>10 habitaciones privadas &#8211; suites y sencillas -.<\/strong><\/span><\/p>\n<p style=\"text-align: center;\"><span style=\"color: #000000;\">*<strong>Sala de Labor de Parto y 2 Quir\u00f3fano<\/strong>s.<\/span><\/p>\n<p style=\"text-align: center;\">*<strong>Unidad de Cuidados Intensivos<\/strong> con capacidad de 4 pacientes &#8211; incluido 1 en Aislamiento -.<\/p>\n<p style=\"text-align: center;\">*<strong>Unidad de Neonatolog\u00eda<\/strong> con capacidad de 7 pacientes neonatales &#8211; incluidos 2 en Aislamiento -.<\/p>\n<p style=\"text-align: center;\"><span style=\"color: #000000;\">*<strong>Consulta Externa y Hospitalizaci\u00f3n<\/strong> en sus 30 especialidades.<\/span><\/p>\n<p style=\"text-align: center;\">* <strong>Unidad de Imageolog\u00eda<\/strong> con Rayos X digital, Fluoroscop\u00eda y Ecograf\u00eda<\/p>\n<p style=\"text-align: center;\">*<strong>Laboratorio Cl\u00ednico<\/strong><\/p>\n<p style=\"text-align: center;\">*<strong>Farmacia<\/strong><\/p>\n<p>&nbsp;<\/p>\n<p style=\"text-align: center;\"><span style=\"color: #000000;\">Siempre cumpliendo con las normas de las entidades de control.<\/span><\/p>\n<p>[\/vc_column_text][\/vc_column][\/vc_row]<\/p>\n","protected":false},"excerpt":{"rendered":"<p>[vc_row][vc_column][vc_column_text] Hospital &#8211; Cl\u00ednica de Especialidades M\u00e9dica del Sur, es una instituci\u00f3n de salud Nivel II que fue fundada en el a\u00f1o 2001 en la ciudad de Cuenca, como instituci\u00f3n abierta a todos los profesionales de la salud.\u00a0 Se encuentra ubicada a escasos 100 metros del Centro Hist\u00f3rico y cuenta con: * 10 habitaciones privadas [&hellip;]<\/p>\n","protected":false},"author":4,"featured_media":0,"parent":0,"menu_order":0,"comment_status":"closed","ping_status":"closed","template":"","meta":{"footnotes":""},"_links":{"self":[{"href":"https:\/\/medicadelsur.med.ec\/index.php?rest_route=\/wp\/v2\/pages\/35"}],"collection":[{"href":"https:\/\/medicadelsur.med.ec\/index.php?rest_route=\/wp\/v2\/pages"}],"about":[{"href":"https:\/\/medicadelsur.med.ec\/index.php?rest_route=\/wp\/v2\/types\/page"}],"author":[{"embeddable":true,"href":"https:\/\/medicadelsur.med.ec\/index.php?rest_route=\/wp\/v2\/users\/4"}],"replies":[{"embeddable":true,"href":"https:\/\/medicadelsur.med.ec\/index.php?rest_route=%2Fwp%2Fv2%2Fcomments&post=35"}],"version-history":[{"count":15,"href":"https:\/\/medicadelsur.med.ec\/index.php?rest_route=\/wp\/v2\/pages\/35\/revisions"}],"predecessor-version":[{"id":3157,"href":"https:\/\/medicadelsur.med.ec\/index.php?rest_route=\/wp\/v2\/pages\/35\/revisions\/3157"}],"wp:attachment":[{"href":"https:\/\/medicadelsur.med.ec\/index.php?rest_route=%2Fwp%2Fv2%2Fmedia&parent=35"}],"curies":[{"name":"wp","href":"https:\/\/api.w.org\/{rel}","templated":true}]}}