{"id":369,"date":"2015-08-18T08:13:51","date_gmt":"2015-08-18T08:13:51","guid":{"rendered":"http:\/\/tn.joomexp.com\/wordpress\/wp-medico\/?page_id=369"},"modified":"2022-05-11T22:14:40","modified_gmt":"2022-05-11T22:14:40","slug":"home","status":"publish","type":"page","link":"https:\/\/medicadelsur.med.ec\/","title":{"rendered":"Home"},"content":{"rendered":"<p>[vc_row full_width=&#8221;stretch_row_content_no_spaces&#8221;][vc_column][rev_slider_vc alias=&#8221;main-home&#8221;][vc_custom_heading text=&#8221;Hospital &#8211; Cl\u00ednica de Especialidades M\u00c9DICA DEL SUR&#8221; font_container=&#8221;tag:h2|font_size:50px|text_align:center|color:%233e86c4|line_height:1&#8243; use_theme_fonts=&#8221;yes&#8221; css=&#8221;.vc_custom_1595008776610{margin-bottom: 22px !important;}&#8221;][vc_raw_html]JTNDcCUyMHN0eWxlJTNEJTIydGV4dC1hbGlnbiUzQSUyMGNlbnRlciUzQmZvbnQtc2l6ZSUzQSUyMDI4cHglM0Jmb250LXdlaWdodCUzQSUyMDMwMCUzQmxpbmUtaGVpZ2h0JTNBJTIwMS41ZW0lM0JtYXJnaW4tYm90dG9tJTNBJTIwMjhweCUzQiUyMiUzRSUwQVNvbW9zJTIwTUVEQUxTTyUyMFMuQS4lMjB5JTIwbnVlc3RybyUyMG9iamV0aXZvJTIwZXMlMjBicmluZGFyJTIwc2VydmljaW9zJTIwZGUlMjBNZWRpY2luYSUyMEFsdGVybmF0aXZhJTIweSUyMFNvbGlkYXJpYSUyMGElMjB0b2RvcyUyMGxvcyUyMHBhY2llbnRlcyUyMHF1ZSUyMHJlcXVpZXJlbiUyMGN1aWRhZG8lMjBkZSUyMHN1JTIwc2FsdWQlMjB5JTIwZGUlMjBsb3MlMjBpbnRlZ3JhbnRlcyUyMGRlJTIwc3UlMjBlbnRvcm5vJTIwcGVyc29uYWwlMkMlMjBtZWRpYW50ZSUyMGVsJTIwaW52b2x1Y3JhbWllbnRvJTIwZGUlMjBlc3BlY2lhbGlzdGFzJTIweSUyMHNlcnZpY2lvcyUyMGNvbXBsZW1lbnRhcmlvcyUyMGVmaWNpZW50ZXMlMjB5JTIwZWZpY2FjZXMuJTNDJTJGcCUzRQ==[\/vc_raw_html][\/vc_column][\/vc_row][vc_row full_width=&#8221;stretch_row_content_no_spaces&#8221; column_same_height=&#8221;yes&#8221; custom_responsive=&#8221;small-1-column&#8221; el_class=&#8221;no-paddingTop-small&#8221;][vc_column width=&#8221;1\/3&#8243; background_overlay_color_column=&#8221;yes&#8221; css=&#8221;.vc_custom_1441991042556{padding-top: 75px !important;padding-right: 30px !important;padding-bottom: 90px !important;padding-left: 30px !important;background-image: url(http:\/\/tn.joomexp.com\/wordpress\/wp-medico\/wp-content\/uploads\/2015\/07\/teaser01.jpg?id=23) !important;background-position: center !important;background-repeat: no-repeat !important;background-size: cover !important;}&#8221; column_overlay_color=&#8221;rgba(85,188,233,0.85)&#8221;][vc_custom_heading text=&#8221;Misi\u00f3n&#8221; font_container=&#8221;tag:h3|font_size:50px|text_align:center|color:%23ffffff|line_height:50px&#8221; use_theme_fonts=&#8221;yes&#8221; css=&#8221;.vc_custom_1579914303557{margin-bottom: 20px !important;}&#8221;][vc_column_text]<\/p>\n<p style=\"text-align: center;\"><span class=\"ILfuVd\"><span class=\"e24Kjd\">Satisfacer en forma integral las necesidades en el cuidado de la salud de las personas y contribuir al desarrollo del conocimiento m\u00e9dico en beneficio de la comunidad, con un \u00e1mbito solidario que permita acceder a todas las personas a servicios m\u00e9dicos de calidad probada a costos razonables. <\/span><\/span><\/p>\n<p>&nbsp;[\/vc_column_text][vc_custom_heading text=&#8221;Visi\u00f3n&#8221; font_container=&#8221;tag:h3|font_size:50px|text_align:center|color:%23ffffff|line_height:50px&#8221; use_theme_fonts=&#8221;yes&#8221; css=&#8221;.vc_custom_1579914320624{margin-bottom: 20px !important;}&#8221;][vc_column_text]<\/p>\n<div style=\"text-align: center;\">Crear y sostener un sistema integral de salud privada mediante\u00a0 un consorcio de empresas m\u00e9dicas , que ofrezca crecimiento y desarrollo a los profesionales de la salud, enfocado a la excelencia y calidez en la asistencia al paciente y su familia.<\/div>\n<div><\/div>\n<p>[\/vc_column_text][\/vc_column][vc_column width=&#8221;1\/3&#8243; background_overlay_color_column=&#8221;yes&#8221; css=&#8221;.vc_custom_1441991051550{padding-top: 75px !important;padding-right: 30px !important;padding-bottom: 90px !important;padding-left: 30px !important;background-image: url(http:\/\/tn.joomexp.com\/wordpress\/wp-medico\/wp-content\/uploads\/2015\/07\/teaser02.jpg?id=27) !important;background-position: center !important;background-repeat: no-repeat !important;background-size: cover !important;}&#8221; column_overlay_color=&#8221;rgba(100,150,207,0.9)&#8221;][vc_custom_heading text=&#8221;Servicios\/Horarios&#8221; font_container=&#8221;tag:h3|font_size:50px|text_align:center|color:%23ffffff|line_height:50px&#8221; use_theme_fonts=&#8221;yes&#8221; css=&#8221;.vc_custom_1582393565452{margin-bottom: 60px !important;}&#8221;][vc_column_text]<em><strong>Emergencias \/ Hospitalizaci\u00f3n 24 HORAS<\/strong><\/em><\/p>\n<p><em><strong>Laboratorio Cl\u00ednico:\u00a0<\/strong><\/em>Lunes a viernes 7:30 a 19:00<\/p>\n<p><em><strong>Rayos X Digital:\u00a0<\/strong><\/em>Lunes a viernes 8:00 a 20:00<\/p>\n<p><em><strong>Farmacia:\u00a0 \u00a0 \u00a0 \u00a0 <\/strong><\/em><\/p>\n<p style=\"padding-left: 40px;\">Lunes a Viernes 07:00 a 19:00<\/p>\n<p style=\"padding-left: 40px;\">S\u00e1bado: 09:00 a 13:00<\/p>\n<p><em><strong>Consulta Externa:\u00a0 <\/strong><\/em><\/p>\n<p style=\"padding-left: 40px;\">Lunes-Viernes\u00a0 07:00 a 22:00<\/p>\n<p style=\"padding-left: 40px;\">S\u00e1bado:\u00a0 07:00 a 13:30<\/p>\n<p>[\/vc_column_text][\/vc_column][vc_column width=&#8221;1\/3&#8243; list_style=&#8221;list-no-bullets&#8221; background_overlay_color_column=&#8221;yes&#8221; css=&#8221;.vc_custom_1562243547466{padding-top: 75px !important;padding-right: 30px !important;padding-bottom: 90px !important;padding-left: 30px !important;background-image: url(http:\/\/tn.joomexp.com\/wordpress\/wp-medico\/wp-content\/uploads\/2015\/07\/teaser03.jpg?id=28) !important;background-position: center !important;background-repeat: no-repeat !important;background-size: cover !important;}&#8221; column_overlay_color=&#8221;rgba(115,112,181,0.9)&#8221;][vc_custom_heading text=&#8221;Cl\u00ednica Online&#8221; font_container=&#8221;tag:h3|font_size:50px|text_align:center|color:%23ffffff|line_height:50px&#8221; use_theme_fonts=&#8221;yes&#8221; css=&#8221;.vc_custom_1579866651707{margin-bottom: 60px !important;}&#8221;][vc_tta_tabs style=&#8221;outline&#8221; active_section=&#8221;1&#8243; no_fill_content_area=&#8221;true&#8221;][vc_tta_section i_icon_fontawesome=&#8221;fa fa-star&#8221; add_icon=&#8221;true&#8221; title=&#8221;Video&#8221; tab_id=&#8221;1561986506532-3e8df050-1ac7&#8243;][vc_column_text]<strong><em>CORONAVIRUS &#8211; Medios de Prrevenci\u00f3n<\/em><\/strong><\/p>\n<p>Ante este nuevo riesgo para la poblaci\u00f3n, compartimos las recomendaciones que emite la <strong>Organizaci\u00f3n Mundial de la Salud<\/strong>.<\/p>\n<p><iframe loading=\"lazy\" title=\"Coronavirus: OMS emite gu\u00eda para evitar contagio\" width=\"625\" height=\"352\" src=\"https:\/\/www.youtube.com\/embed\/LmxZg3gc7TI?feature=oembed\" frameborder=\"0\" allow=\"accelerometer; autoplay; clipboard-write; encrypted-media; gyroscope; picture-in-picture; web-share\" referrerpolicy=\"strict-origin-when-cross-origin\" allowfullscreen><\/iframe>[\/vc_column_text][\/vc_tta_section][vc_tta_section i_icon_fontawesome=&#8221;fa fa-id-card-o&#8221; add_icon=&#8221;true&#8221; title=&#8221;Articulo&#8221; tab_id=&#8221;1561986506541-b93a7b71-c40a&#8221;][vc_column_text css=&#8221;.vc_custom_1561990626810{background-color: #bfbfbf !important;}&#8221;]<img loading=\"lazy\" decoding=\"async\" class=\"alignnone size-thumbnail wp-image-2940 aligncenter\" src=\"https:\/\/medicadelsur.med.ec\/wp-content\/uploads\/2019\/06\/diabetes-150x150.png\" alt=\"\" width=\"150\" height=\"150\" srcset=\"https:\/\/medicadelsur.med.ec\/wp-content\/uploads\/2019\/06\/diabetes-150x150.png 150w, https:\/\/medicadelsur.med.ec\/wp-content\/uploads\/2019\/06\/diabetes-80x80.png 80w, https:\/\/medicadelsur.med.ec\/wp-content\/uploads\/2019\/06\/diabetes-100x100.png 100w\" sizes=\"(max-width: 150px) 100vw, 150px\" \/><\/p>\n<p>En la DM (<b>diabetes mellitus<\/b>) el p\u00e1ncreas no produce o produce muy poca insulina (DM Tipo I) o las c\u00e9lulas del cuerpo no responden normalmente a la insulina que se produce (DM Tipo I). Esto evita o dificulta la entrada de glucosa en la c\u00e9lula, aumentando sus niveles en la sangre (hiperglucemia)[\/vc_column_text][\/vc_tta_section][vc_tta_section title=&#8221;Audio&#8221; tab_id=&#8221;1561990851072-186061ec-1798&#8243;][vc_column_text css=&#8221;.vc_custom_1561990996214{background-color: #c1c1c1 !important;}&#8221;]En esta Seccion, encontraremos audios de Profesionales, quienes generar\u00e1n noticias de temas relacionados a su \u00e1rea.[\/vc_column_text][\/vc_tta_section][\/vc_tta_tabs][\/vc_column][\/vc_row]<\/p>\n","protected":false},"excerpt":{"rendered":"<p>[vc_row full_width=&#8221;stretch_row_content_no_spaces&#8221;][vc_column][rev_slider_vc alias=&#8221;main-home&#8221;][vc_custom_heading text=&#8221;Hospital &#8211; Cl\u00ednica de Especialidades M\u00c9DICA DEL SUR&#8221; font_container=&#8221;tag:h2|font_size:50px|text_align:center|color:%233e86c4|line_height:1&#8243; use_theme_fonts=&#8221;yes&#8221; css=&#8221;.vc_custom_1595008776610{margin-bottom: 22px !important;}&#8221;][vc_raw_html]JTNDcCUyMHN0eWxlJTNEJTIydGV4dC1hbGlnbiUzQSUyMGNlbnRlciUzQmZvbnQtc2l6ZSUzQSUyMDI4cHglM0Jmb250LXdlaWdodCUzQSUyMDMwMCUzQmxpbmUtaGVpZ2h0JTNBJTIwMS41ZW0lM0JtYXJnaW4tYm90dG9tJTNBJTIwMjhweCUzQiUyMiUzRSUwQVNvbW9zJTIwTUVEQUxTTyUyMFMuQS4lMjB5JTIwbnVlc3RybyUyMG9iamV0aXZvJTIwZXMlMjBicmluZGFyJTIwc2VydmljaW9zJTIwZGUlMjBNZWRpY2luYSUyMEFsdGVybmF0aXZhJTIweSUyMFNvbGlkYXJpYSUyMGElMjB0b2RvcyUyMGxvcyUyMHBhY2llbnRlcyUyMHF1ZSUyMHJlcXVpZXJlbiUyMGN1aWRhZG8lMjBkZSUyMHN1JTIwc2FsdWQlMjB5JTIwZGUlMjBsb3MlMjBpbnRlZ3JhbnRlcyUyMGRlJTIwc3UlMjBlbnRvcm5vJTIwcGVyc29uYWwlMkMlMjBtZWRpYW50ZSUyMGVsJTIwaW52b2x1Y3JhbWllbnRvJTIwZGUlMjBlc3BlY2lhbGlzdGFzJTIweSUyMHNlcnZpY2lvcyUyMGNvbXBsZW1lbnRhcmlvcyUyMGVmaWNpZW50ZXMlMjB5JTIwZWZpY2FjZXMuJTNDJTJGcCUzRQ==[\/vc_raw_html][\/vc_column][\/vc_row][vc_row full_width=&#8221;stretch_row_content_no_spaces&#8221; column_same_height=&#8221;yes&#8221; custom_responsive=&#8221;small-1-column&#8221; el_class=&#8221;no-paddingTop-small&#8221;][vc_column width=&#8221;1\/3&#8243; background_overlay_color_column=&#8221;yes&#8221; css=&#8221;.vc_custom_1441991042556{padding-top: 75px !important;padding-right: 30px !important;padding-bottom: 90px !important;padding-left: 30px !important;background-image: url(http:\/\/tn.joomexp.com\/wordpress\/wp-medico\/wp-content\/uploads\/2015\/07\/teaser01.jpg?id=23) !important;background-position: center !important;background-repeat: no-repeat !important;background-size: cover !important;}&#8221; column_overlay_color=&#8221;rgba(85,188,233,0.85)&#8221;][vc_custom_heading text=&#8221;Misi\u00f3n&#8221; font_container=&#8221;tag:h3|font_size:50px|text_align:center|color:%23ffffff|line_height:50px&#8221; use_theme_fonts=&#8221;yes&#8221; css=&#8221;.vc_custom_1579914303557{margin-bottom: 20px !important;}&#8221;][vc_column_text] Satisfacer en forma integral las necesidades en el cuidado [&hellip;]<\/p>\n","protected":false},"author":4,"featured_media":0,"parent":0,"menu_order":0,"comment_status":"closed","ping_status":"closed","template":"","meta":{"footnotes":""},"_links":{"self":[{"href":"https:\/\/medicadelsur.med.ec\/index.php?rest_route=\/wp\/v2\/pages\/369"}],"collection":[{"href":"https:\/\/medicadelsur.med.ec\/index.php?rest_route=\/wp\/v2\/pages"}],"about":[{"href":"https:\/\/medicadelsur.med.ec\/index.php?rest_route=\/wp\/v2\/types\/page"}],"author":[{"embeddable":true,"href":"https:\/\/medicadelsur.med.ec\/index.php?rest_route=\/wp\/v2\/users\/4"}],"replies":[{"embeddable":true,"href":"https:\/\/medicadelsur.med.ec\/index.php?rest_route=%2Fwp%2Fv2%2Fcomments&post=369"}],"version-history":[{"count":53,"href":"https:\/\/medicadelsur.med.ec\/index.php?rest_route=\/wp\/v2\/pages\/369\/revisions"}],"predecessor-version":[{"id":3159,"href":"https:\/\/medicadelsur.med.ec\/index.php?rest_route=\/wp\/v2\/pages\/369\/revisions\/3159"}],"wp:attachment":[{"href":"https:\/\/medicadelsur.med.ec\/index.php?rest_route=%2Fwp%2Fv2%2Fmedia&parent=369"}],"curies":[{"name":"wp","href":"https:\/\/api.w.org\/{rel}","templated":true}]}}