{"id":42,"date":"2019-06-29T16:06:24","date_gmt":"2019-06-29T16:06:24","guid":{"rendered":"https:\/\/medicadelsur.med.ec\/?page_id=42"},"modified":"2020-03-03T15:45:29","modified_gmt":"2020-03-03T15:45:29","slug":"sala-de-prensa","status":"publish","type":"page","link":"https:\/\/medicadelsur.med.ec\/?page_id=42","title":{"rendered":"Sala de Prensa"},"content":{"rendered":"<p>[vc_row][vc_column][vc_column_text]<img loading=\"lazy\" decoding=\"async\" class=\"alignnone size-full wp-image-3018\" src=\"https:\/\/medicadelsur.med.ec\/wp-content\/uploads\/2019\/07\/calednario.jpg\" alt=\"\" width=\"409\" height=\"123\" srcset=\"https:\/\/medicadelsur.med.ec\/wp-content\/uploads\/2019\/07\/calednario.jpg 409w, https:\/\/medicadelsur.med.ec\/wp-content\/uploads\/2019\/07\/calednario-300x90.jpg 300w\" sizes=\"(max-width: 409px) 100vw, 409px\" \/>[\/vc_column_text][vc_column_text]<strong><span style=\"color: #000000;\">En esta p\u00e1gina encontrar\u00e1 los eventos que se efectuar\u00e1n en la Instituci\u00f3n.<\/span><\/strong>[\/vc_column_text][vc_column_text]<span style=\"color: #3366ff;\"><strong><img loading=\"lazy\" decoding=\"async\" class=\"alignnone wp-image-3117\" src=\"https:\/\/medicadelsur.med.ec\/wp-content\/uploads\/2020\/03\/Covid-19-300x296.png\" alt=\"\" width=\"152\" height=\"150\" srcset=\"https:\/\/medicadelsur.med.ec\/wp-content\/uploads\/2020\/03\/Covid-19-300x296.png 300w, https:\/\/medicadelsur.med.ec\/wp-content\/uploads\/2020\/03\/Covid-19-80x80.png 80w, https:\/\/medicadelsur.med.ec\/wp-content\/uploads\/2020\/03\/Covid-19-100x100.png 100w, https:\/\/medicadelsur.med.ec\/wp-content\/uploads\/2020\/03\/Covid-19.png 410w\" sizes=\"(max-width: 152px) 100vw, 152px\" \/><\/strong><\/span><\/p>\n<p><span style=\"color: #3366ff;\"><strong>Procedimientos de Prevenci\u00f3n de COVID-19 (Coronavirus)<\/strong><\/span><\/p>\n<h5><strong><em>Fecha<\/em><\/strong>:\u00a0 \u00a0 \u00a0 \u00a0 \u00a0Lunes 02\/marzo\/2020 &#8211; 18:00<\/h5>\n<h5><em><strong>Expositor<\/strong>:<\/em>\u00a0 Dr. Wilson Guam\u00e1n A. &#8211; Director M\u00e9dico<\/h5>\n<h5><strong><em>Ubicaci\u00f3n<\/em>:<\/strong> Auditorio de Cl\u00ednica M\u00e9dica del Sur<\/h5>\n<p>&nbsp;[\/vc_column_text][\/vc_column][\/vc_row][vc_row][vc_column][\/vc_column][\/vc_row][vc_row][vc_column][\/vc_column][\/vc_row]<\/p>\n","protected":false},"excerpt":{"rendered":"<p>[vc_row][vc_column][vc_column_text][\/vc_column_text][vc_column_text]En esta p\u00e1gina encontrar\u00e1 los eventos que se efectuar\u00e1n en la Instituci\u00f3n.[\/vc_column_text][vc_column_text] Procedimientos de Prevenci\u00f3n de COVID-19 (Coronavirus) Fecha:\u00a0 \u00a0 \u00a0 \u00a0 \u00a0Lunes 02\/marzo\/2020 &#8211; 18:00 Expositor:\u00a0 Dr. Wilson Guam\u00e1n A. &#8211; Director M\u00e9dico Ubicaci\u00f3n: Auditorio de Cl\u00ednica M\u00e9dica del Sur &nbsp;[\/vc_column_text][\/vc_column][\/vc_row][vc_row][vc_column][\/vc_column][\/vc_row][vc_row][vc_column][\/vc_column][\/vc_row]<\/p>\n","protected":false},"author":4,"featured_media":0,"parent":0,"menu_order":0,"comment_status":"closed","ping_status":"closed","template":"","meta":{"footnotes":""},"_links":{"self":[{"href":"https:\/\/medicadelsur.med.ec\/index.php?rest_route=\/wp\/v2\/pages\/42"}],"collection":[{"href":"https:\/\/medicadelsur.med.ec\/index.php?rest_route=\/wp\/v2\/pages"}],"about":[{"href":"https:\/\/medicadelsur.med.ec\/index.php?rest_route=\/wp\/v2\/types\/page"}],"author":[{"embeddable":true,"href":"https:\/\/medicadelsur.med.ec\/index.php?rest_route=\/wp\/v2\/users\/4"}],"replies":[{"embeddable":true,"href":"https:\/\/medicadelsur.med.ec\/index.php?rest_route=%2Fwp%2Fv2%2Fcomments&post=42"}],"version-history":[{"count":8,"href":"https:\/\/medicadelsur.med.ec\/index.php?rest_route=\/wp\/v2\/pages\/42\/revisions"}],"predecessor-version":[{"id":3119,"href":"https:\/\/medicadelsur.med.ec\/index.php?rest_route=\/wp\/v2\/pages\/42\/revisions\/3119"}],"wp:attachment":[{"href":"https:\/\/medicadelsur.med.ec\/index.php?rest_route=%2Fwp%2Fv2%2Fmedia&parent=42"}],"curies":[{"name":"wp","href":"https:\/\/api.w.org\/{rel}","templated":true}]}}