{"id":44,"date":"2019-06-29T16:06:58","date_gmt":"2019-06-29T16:06:58","guid":{"rendered":"https:\/\/medicadelsur.med.ec\/?page_id=44"},"modified":"2020-01-31T00:36:25","modified_gmt":"2020-01-31T00:36:25","slug":"contacto","status":"publish","type":"page","link":"https:\/\/medicadelsur.med.ec\/?page_id=44","title":{"rendered":"Ub\u00edcanos"},"content":{"rendered":"<p>[vc_row][vc_column width=&#8221;1\/2&#8243;][vc_wp_text]<strong><span style=\"color: #000080;\">Atenci\u00f3n las 24 horas<\/span><\/strong><\/p>\n<p><strong>Tel\u00e9fono: <span class=\"LrzXr zdqRlf kno-fv\">(07) 2863386<\/span><\/strong><\/p>\n<p><strong>Direcci\u00f3n: Juan Jos\u00e9 Flores 3-41 y Huayna Capac<\/strong><\/p>\n<p><strong>E-mail: derivaciones@medicadelsur.med.ec<\/strong><\/p>\n<p>S\u00edganos en redes sociales:<\/p>\n<p><a href=\"https:\/\/www.facebook.com\/medsur.cuenca\/\"><img loading=\"lazy\" decoding=\"async\" class=\"alignleft wp-image-3104\" src=\"https:\/\/medicadelsur.med.ec\/wp-content\/uploads\/2020\/01\/Fb.png\" alt=\"\" width=\"46\" height=\"46\" srcset=\"https:\/\/medicadelsur.med.ec\/wp-content\/uploads\/2020\/01\/Fb.png 225w, https:\/\/medicadelsur.med.ec\/wp-content\/uploads\/2020\/01\/Fb-150x150.png 150w, https:\/\/medicadelsur.med.ec\/wp-content\/uploads\/2020\/01\/Fb-80x80.png 80w, https:\/\/medicadelsur.med.ec\/wp-content\/uploads\/2020\/01\/Fb-100x100.png 100w\" sizes=\"(max-width: 46px) 100vw, 46px\" \/><\/a><\/p>\n<p><a href=\"https:\/\/ec.linkedin.com\/company\/clinicamedicadelsur\"><img loading=\"lazy\" decoding=\"async\" class=\"alignleft wp-image-3107\" src=\"https:\/\/medicadelsur.med.ec\/wp-content\/uploads\/2020\/01\/LkIn-1.png\" alt=\"\" width=\"78\" height=\"47\" \/><\/a>[\/vc_wp_text][\/vc_column][vc_column width=&#8221;1\/2&#8243;][vc_gmaps link=&#8221;#E-8_JTNDaWZyYW1lJTIwc3JjJTNEJTIyaHR0cHMlM0ElMkYlMkZ3d3cuZ29vZ2xlLmNvbSUyRm1hcHMlMkZlbWJlZCUzRnBiJTNEJTIxMW0xNCUyMTFtOCUyMTFtMyUyMTFkMTU5MzguODI5MTU3NDE1OTMlMjEyZC03OC45OTQ3NzglMjEzZC0yLjkwMDQyNTQlMjEzbTIlMjExaTEwMjQlMjEyaTc2OCUyMTRmMTMuMSUyMTNtMyUyMTFtMiUyMTFzMHgwJTI1M0EweDllMjk3M2FhYzk4OWM0JTIxMnNNZWRpY2ElMkJEZWwlMkJTdXIlMjE1ZTAlMjEzbTIlMjExc2VzJTIxMnNlYyUyMTR2MTU2MjU4ODcyNTg5MyUyMTVtMiUyMTFzZXMlMjEyc2VjJTIyJTIwd2lkdGglM0QlMjI2MDAlMjIlMjBoZWlnaHQlM0QlMjI0NTAlMjIlMjBmcmFtZWJvcmRlciUzRCUyMjAlMjIlMjBzdHlsZSUzRCUyMmJvcmRlciUzQTAlMjIlMjBhbGxvd2Z1bGxzY3JlZW4lM0UlM0MlMkZpZnJhbWUlM0U=&#8221; title=&#8221;Ub\u00edcanos&#8221;][\/vc_column][\/vc_row]<\/p>\n","protected":false},"excerpt":{"rendered":"<p>[vc_row][vc_column width=&#8221;1\/2&#8243;][vc_wp_text]Atenci\u00f3n las 24 horas Tel\u00e9fono: (07) 2863386 Direcci\u00f3n: Juan Jos\u00e9 Flores 3-41 y Huayna Capac E-mail: derivaciones@medicadelsur.med.ec S\u00edganos en redes sociales: [\/vc_wp_text][\/vc_column][vc_column width=&#8221;1\/2&#8243;][vc_gmaps link=&#8221;#E-8_JTNDaWZyYW1lJTIwc3JjJTNEJTIyaHR0cHMlM0ElMkYlMkZ3d3cuZ29vZ2xlLmNvbSUyRm1hcHMlMkZlbWJlZCUzRnBiJTNEJTIxMW0xNCUyMTFtOCUyMTFtMyUyMTFkMTU5MzguODI5MTU3NDE1OTMlMjEyZC03OC45OTQ3NzglMjEzZC0yLjkwMDQyNTQlMjEzbTIlMjExaTEwMjQlMjEyaTc2OCUyMTRmMTMuMSUyMTNtMyUyMTFtMiUyMTFzMHgwJTI1M0EweDllMjk3M2FhYzk4OWM0JTIxMnNNZWRpY2ElMkJEZWwlMkJTdXIlMjE1ZTAlMjEzbTIlMjExc2VzJTIxMnNlYyUyMTR2MTU2MjU4ODcyNTg5MyUyMTVtMiUyMTFzZXMlMjEyc2VjJTIyJTIwd2lkdGglM0QlMjI2MDAlMjIlMjBoZWlnaHQlM0QlMjI0NTAlMjIlMjBmcmFtZWJvcmRlciUzRCUyMjAlMjIlMjBzdHlsZSUzRCUyMmJvcmRlciUzQTAlMjIlMjBhbGxvd2Z1bGxzY3JlZW4lM0UlM0MlMkZpZnJhbWUlM0U=&#8221; title=&#8221;Ub\u00edcanos&#8221;][\/vc_column][\/vc_row]<\/p>\n","protected":false},"author":4,"featured_media":0,"parent":0,"menu_order":0,"comment_status":"closed","ping_status":"closed","template":"","meta":{"footnotes":""},"_links":{"self":[{"href":"https:\/\/medicadelsur.med.ec\/index.php?rest_route=\/wp\/v2\/pages\/44"}],"collection":[{"href":"https:\/\/medicadelsur.med.ec\/index.php?rest_route=\/wp\/v2\/pages"}],"about":[{"href":"https:\/\/medicadelsur.med.ec\/index.php?rest_route=\/wp\/v2\/types\/page"}],"author":[{"embeddable":true,"href":"https:\/\/medicadelsur.med.ec\/index.php?rest_route=\/wp\/v2\/users\/4"}],"replies":[{"embeddable":true,"href":"https:\/\/medicadelsur.med.ec\/index.php?rest_route=%2Fwp%2Fv2%2Fcomments&post=44"}],"version-history":[{"count":14,"href":"https:\/\/medicadelsur.med.ec\/index.php?rest_route=\/wp\/v2\/pages\/44\/revisions"}],"predecessor-version":[{"id":3109,"href":"https:\/\/medicadelsur.med.ec\/index.php?rest_route=\/wp\/v2\/pages\/44\/revisions\/3109"}],"wp:attachment":[{"href":"https:\/\/medicadelsur.med.ec\/index.php?rest_route=%2Fwp%2Fv2%2Fmedia&parent=44"}],"curies":[{"name":"wp","href":"https:\/\/api.w.org\/{rel}","templated":true}]}}